{"id":93,"date":"2024-01-17T20:30:49","date_gmt":"2024-01-17T20:30:49","guid":{"rendered":"https:\/\/confortoanimal.pt\/wordpress_h\/?page_id=93"},"modified":"2024-01-25T13:00:09","modified_gmt":"2024-01-25T13:00:09","slug":"privacidade","status":"publish","type":"page","link":"https:\/\/confortoanimal.pt\/en\/privacidade\/","title":{"rendered":"Politica de Privacidade"},"content":{"rendered":"<p>[et_pb_section fb_built=&#8221;1&#8243; _builder_version=&#8221;4.23.4&#8243; _module_preset=&#8221;default&#8221; global_colors_info=&#8221;{}&#8221;][et_pb_row _builder_version=&#8221;4.23.4&#8243; _module_preset=&#8221;default&#8221; global_colors_info=&#8221;{}&#8221;][et_pb_column type=&#8221;4_4&#8243; _builder_version=&#8221;4.23.4&#8243; _module_preset=&#8221;default&#8221; global_colors_info=&#8221;{}&#8221;][et_pb_text _builder_version=&#8221;4.24.0&#8243; _module_preset=&#8221;default&#8221; hover_enabled=&#8221;0&#8243; global_colors_info=&#8221;{}&#8221; custom_margin=&#8221;75px||||false|false&#8221; sticky_enabled=&#8221;0&#8243;]<\/p>\n<h1><\/h1>\n<h1><\/h1>\n<h1 style=\"text-align: center;\">Conforto Animal<\/h1>\n<h1 style=\"text-align: center;\"><\/h1>\n<h1 style=\"text-align: center;\"><\/h1>\n<h1 style=\"text-align: center;\">A nossa pol\u00edtica de privacidade<\/h1>\n<p>&nbsp;<\/p>\n<p>Na<strong> Conforto Animal &#8211; Veterin\u00e1rio ao domic\u00edlio<\/strong>, comprometemo-nos a proteger e respeitar a sua privacidade. A garantia da confidencialidade dos dados pessoais dos nossos clientes e utilizadores do nosso site \u00e9 essencial para n\u00f3s. Esta pol\u00edtica de privacidade estabelece quais os dados pessoais que processamos entre os dados que recolhemos ou que nos s\u00e3o fornecidos por si, atrav\u00e9s das diferentes vias dispon\u00edveis. Por favor, utilize este documento como guia para as nossas pr\u00e1ticas relativas aos seus dados pessoais.<\/p>\n<p>Os seus dados pessoais ser\u00e3o usados de acordo com o contrato impl\u00edcito celebrado entre si e a nossa empresa de forma a podermos fornecer-lhe servi\u00e7os m\u00e9dico-veterin\u00e1rios, assim como outros servi\u00e7os na \u00e1rea da sa\u00fade, est\u00e9tica ou comportamento animal. Sempre que pretendermos usar os seus dados para outros fins que n\u00e3o os legalmente obrigat\u00f3rios para prestar os nossos servi\u00e7os, pediremos previamente o seu consentimento expresso para essa utiliza\u00e7\u00e3o.<\/p>\n<p>Essa utiliza\u00e7\u00e3o dos seus dados enquadra-se no princ\u00edpio inscrito no artigo 6\u00ba do Regulamento Geral de Prote\u00e7\u00e3o de Dados.<\/p>\n<p>&nbsp;<\/p>\n<p>&nbsp;<\/p>\n<h2>Que informa\u00e7\u00e3o recolhemos e porqu\u00ea?<\/h2>\n<p>&nbsp;<\/p>\n<p>Quando criar uma ficha do seu animal atrav\u00e9s de uma chamada telef\u00f3nica, preenchendo um formul\u00e1rio de pr\u00e9-marca\u00e7\u00e3o no nosso website ou quando fizer uma pr\u00e9-marca\u00e7\u00e3o connosco atrav\u00e9s de Whatsapp, para al\u00e9m dos dados do seu animal, iremos solicitar-lhe o seu Nome, Contacto Telef\u00f3nico\/e-mail, Endere\u00e7o e N\u00famero de Identifica\u00e7\u00e3o Fiscal, n\u00ba B.I.\/C.C. e, se aplic\u00e1vel, detalhes sobre a forma de pagamento.<\/p>\n<p>Estes dados s\u00e3o recolhidos para os seguintes fins (*):<br \/>\u2022 Registar os seus dados como novo cliente e atualiz\u00e1-los a cada visita, ou sempre que se justifique;<br \/>\u2022 Registar os seus animais no nosso sistema;<br \/>\u2022 Fazer marca\u00e7\u00f5es de consultas ou outros servi\u00e7os;<br \/>\u2022 Processar os seus pagamentos, faturar e cobrar os nossos servi\u00e7os;<br \/>\u2022 Contact\u00e1-lo para lhe dar informa\u00e7\u00f5es sobre os seus animais, exames, interven\u00e7\u00f5es ou marca\u00e7\u00f5es;<br \/>\u2022 Comunicar altera\u00e7\u00f5es aos termos dos nossos servi\u00e7os;<br \/>\u2022 Recolher datas das suas marca\u00e7\u00f5es.<\/p>\n<p>(*) Car\u00e1ter obrigat\u00f3rio dos Dados Solicitados<\/p>\n<p>Os dados que constam no registo de cliente que estejam identificados com um asterisco (*), ser\u00e3o de preenchimento obrigat\u00f3rio para cumprir a finalidade estabelecida. Como tal, se o utilizador n\u00e3o facultar os mesmos, a Conforto Animal &#8211; Veterin\u00e1rio ao domic\u00edlio reserva-se no direito de n\u00e3o atender \u00e0s solicita\u00e7\u00f5es do mesmo. Pediremos o seu consentimento expresso para utiliza\u00e7\u00e3o dos seus dados pessoais para outros fins nomeadamente:<br \/>1) Para lhe serem enviados recordat\u00f3rios relativos a eventos de sa\u00fade, como vacina\u00e7\u00f5es e desparasita\u00e7\u00f5es, que fa\u00e7am parte do plano de sa\u00fade preventiva dos meus animais de estima\u00e7\u00e3o. Se j\u00e1 for nosso cliente na data em que entra em vigor esta pol\u00edtica de privacidade continuaremos a enviar-lhe estes recordat\u00f3rios, como fizemos at\u00e9 aqui, recolhendo o seu consentimento expresso no momento da sua pr\u00f3xima marca\u00e7\u00e3o com a Conforto Animal &#8211; Veterin\u00e1rio ao domic\u00edlio.<br \/>2) Para lhe serem enviadas (ou mostradas em redes sociais), informa\u00e7\u00f5es sobre sa\u00fade animal, campanhas ou eventos levados a cabo pela Conforto Animal &#8211; Veterin\u00e1rio ao domic\u00edlio. Todos os dados pessoais recolhidos, ser\u00e3o usados para tornar a sua visita ao nosso site o mais produtiva e agrad\u00e1vel poss\u00edvel.<br \/>Com quem podemos partilhar os seus dados ap\u00f3s o seu consentimento expresso:<br \/>\u2022 Laborat\u00f3rios de an\u00e1lises cl\u00ednicas parceiros<br \/>\u2022 Centros Veterin\u00e1rios parceiros referenciados<br \/>\u2022 Companhias de seguros (a seu pedido)<br \/>Poderemos, para determinados fins, subcontratar servi\u00e7os de processamento de dados tal como o envio de SMS, gest\u00e3o de redes sociais ou de comunica\u00e7\u00e3o digital. O direito de utiliza\u00e7\u00e3o dos seus dados pessoais n\u00e3o ser\u00e1 fornecido a qualquer empresa subcontratada para esses fins, sendo a presta\u00e7\u00e3o de servi\u00e7os em quest\u00e3o definida sempre por contrato celebrado entre a Conforto Animal &#8211; Veterin\u00e1rio ao domic\u00edlio e o seu fornecedor, de forma a que sejam sempre cumpridos os crit\u00e9rios definidos no Regulamento Geral de Prote\u00e7\u00e3o de Dados.<\/p>\n<p>&nbsp;<\/p>\n<h2>Como protegemos a sua informa\u00e7\u00e3o<\/h2>\n<p>&nbsp;<\/p>\n<p>Os dados pessoais que nos fornecer ser\u00e3o guardados na base de dados desenvolvida pela empresa, com manuten\u00e7\u00e3o efetuada pela mesma, sem recurso a terceiros, sendo guardados diretamente no servidor local que se encontra no nosso escrit\u00f3rio salvo exce\u00e7\u00f5es, descritas explicitamente nesta pol\u00edtica de privacidade.<br \/>S\u00e3o feitos backups regulares utilizando disco r\u00edgido e dropbox. Os nossos sistemas inform\u00e1ticos s\u00e3o atualizados regularmente de forma a operarem sempre nas vers\u00f5es mais est\u00e1veis e seguras dispon\u00edveis do sistema operativo. Temos uma firewall ativa nos nossos sistemas inform\u00e1ticos e temos um antiv\u00edrus ativo, de forma a garantirmos que, se houver alguma falha de seguran\u00e7a nesse sistema, a poderemos detetar o mais rapidamente poss\u00edvel.<\/p>\n<p>Esfor\u00e7amo-nos tamb\u00e9m por manter os seus dados o mais atualizados poss\u00edvel, e como tal pediremos que nos confirme os seus dados a cada nova visita. De igual forma, pedimos-lhe que nos informe se no intervalo desse tempo houver alguma altera\u00e7\u00e3o relevante nesses mesmos dados.<br \/>Durante quanto tempo armazenamos os seus dados Os seus dados pessoais ser\u00e3o guardados durante 10 anos ap\u00f3s a sua \u00faltima visita \u00e0 nossa cl\u00ednica. A qualquer momento pode solicitar que os seus dados sejam eliminados, sendo que o faremos de forma segura e confidencial, desde que n\u00e3o haja nenhum motivo legal para os mantermos.<\/p>\n<h2><\/h2>\n<h2><\/h2>\n<h2><\/h2>\n<h2>Direitos<\/h2>\n<p>&nbsp;<\/p>\n<p>Tem o direito de aceder a qualquer momento a todos os dados pessoais que nos facultou, assim como de todos os registos gerados com base nesses dados. Caso pretenda aceder a esses dados e solicitar a sua portabilidade dever\u00e1 enviar-nos um pedido por escrito para <a href=\"mailto:geral@confortoanimal.pt\">geral@confortoanimal.pt<\/a>. Dentro de um prazo m\u00e1ximo de 30 dias daremos resposta a esse pedido.<br \/>Tem o direito de retirar qualquer consentimento de utiliza\u00e7\u00e3o dos seus dados pessoais e de pedir que os mesmos sejam eliminados da nossa base de dados. Para tal, basta enviar um email para <a href=\"mailto:geral@confortoanimal.pt\">geral@confortoanimal.pt<\/a>, descrevendo quais os fins para os quais deseja deixar de ser contactado, ou a solicitar a elimina\u00e7\u00e3o dos seus dados (caso seja um pedido de elimina\u00e7\u00e3o de dados temos um prazo de 30 dias para responder a esse pedido, sendo que procederemos \u00e0 elimina\u00e7\u00e3o, desde que esta n\u00e3o entre em conflito com nenhum motivo legal que tenhamos para processar esses dados).<\/p>\n<p>&nbsp;<\/p>\n<h2>Liga\u00e7\u00f5es a sites de terceiros<\/h2>\n<p>&nbsp;<\/p>\n<p>A Conforto Animal &#8211; Veterin\u00e1rio ao domic\u00edlio possui liga\u00e7\u00f5es para outros sites, os quais, a nosso ver, podem conter informa\u00e7\u00f5es \/ferramentas \u00fateis para os nossos visitantes. A nossa pol\u00edtica de privacidade n\u00e3o \u00e9 aplicada a sites de terceiros, pelo que, caso visite outro site a partir do nosso dever\u00e1 informar-se acerca da pol\u00edtica de privacidade do mesmo. N\u00e3o nos responsabilizamos pela pol\u00edtica de privacidade ou conte\u00fado presente nesses mesmos sites.<\/p>\n<h2><\/h2>\n<h2><\/h2>\n<h2><\/h2>\n<h2><\/h2>\n<h2>Altera\u00e7\u00f5es \u00e0 Pol\u00edtica de Privacidade<\/h2>\n<p>&nbsp;<\/p>\n<p>A utiliza\u00e7\u00e3o do site Conforto Animal &#8211; Veterin\u00e1rio ao domic\u00edlio e dos nossos servi\u00e7os, pressup\u00f5e a aceita\u00e7\u00e3o desta Pol\u00edtica de Privacidade. Todos os dados pessoais recolhidos, ser\u00e3o usados para tornar a sua visita ao nosso site o mais produtiva e agrad\u00e1vel poss\u00edvel.<br \/>A Dire\u00e7\u00e3o reserva-se no direito de alterar este documento sem aviso pr\u00e9vio. Deste modo, recomendamos que consulte o mesmo com regularidade por forma a estar sempre atualizado.<br \/>Quaisquer altera\u00e7\u00f5es futuras a esta pol\u00edtica de privacidade ser\u00e3o, na mesma, comunicadas no nosso website <a href=\"https:\/\/confortoanimal.pt\">https:\/\/confortoanimal.pt<\/a> e, caso sejam altera\u00e7\u00f5es relevantes, ser\u00e3o comunicadas por email.<br \/>Alguma d\u00favida contacte-nos atrav\u00e9s do endere\u00e7o de email <a href=\"mailto:geral@confortoanimal.pt\">geral@confortoanimal.pt<\/a> ou do n\u00famero de telefone +351 963 235 288.<\/p>\n<p>[\/et_pb_text][\/et_pb_column][\/et_pb_row][\/et_pb_section]<\/p>\n","protected":false},"excerpt":{"rendered":"<p>Conforto Animal A nossa pol\u00edtica de privacidade &nbsp; Na Conforto Animal &#8211; Veterin\u00e1rio ao domic\u00edlio, comprometemo-nos a proteger e respeitar a sua privacidade. A garantia da confidencialidade dos dados pessoais dos nossos clientes e utilizadores do nosso site \u00e9 essencial para n\u00f3s. Esta pol\u00edtica de privacidade estabelece quais os dados pessoais que processamos entre os [&hellip;]<\/p>\n","protected":false},"author":1,"featured_media":0,"parent":0,"menu_order":0,"comment_status":"closed","ping_status":"closed","template":"","meta":{"_et_pb_use_builder":"on","_et_pb_old_content":"","_et_gb_content_width":"","content-type":"","footnotes":""},"class_list":["post-93","page","type-page","status-publish","hentry"],"aioseo_notices":[],"_links":{"self":[{"href":"https:\/\/confortoanimal.pt\/en\/wp-json\/wp\/v2\/pages\/93","targetHints":{"allow":["GET"]}}],"collection":[{"href":"https:\/\/confortoanimal.pt\/en\/wp-json\/wp\/v2\/pages"}],"about":[{"href":"https:\/\/confortoanimal.pt\/en\/wp-json\/wp\/v2\/types\/page"}],"author":[{"embeddable":true,"href":"https:\/\/confortoanimal.pt\/en\/wp-json\/wp\/v2\/users\/1"}],"replies":[{"embeddable":true,"href":"https:\/\/confortoanimal.pt\/en\/wp-json\/wp\/v2\/comments?post=93"}],"version-history":[{"count":0,"href":"https:\/\/confortoanimal.pt\/en\/wp-json\/wp\/v2\/pages\/93\/revisions"}],"wp:attachment":[{"href":"https:\/\/confortoanimal.pt\/en\/wp-json\/wp\/v2\/media?parent=93"}],"curies":[{"name":"wp","href":"https:\/\/api.w.org\/{rel}","templated":true}]}}